{"id":579,"date":"2016-10-11T19:48:06","date_gmt":"2016-10-11T17:48:06","guid":{"rendered":"http:\/\/sdnd.ch\/?page_id=579"},"modified":"2017-05-23T14:17:52","modified_gmt":"2017-05-23T12:17:52","slug":"prototype-montre","status":"publish","type":"page","link":"https:\/\/sdnd.ch\/wordpress\/fr\/prototype-montre\/","title":{"rendered":"Prototype Montre"},"content":{"rendered":"<h2><span style=\"font-family: georgia, palatino, serif;\"><span style=\"font-size: 14pt;\">R\u00e9alisation rapide de prototype<\/span> <span style=\"font-size: 14pt;\">de montre<\/span><\/span><\/h2>\n<p>Grace \u00e0 un processus que nous avons mis en place, nous sommes capables de r\u00e9aliser des prototypes de montres <strong>en moins de 5 jours<\/strong>.<\/p>\n<p>Avec l&#8217;internalisation des diff\u00e9rentes\u00a0machines ainsi que la ma\u00eetrise \u00e0 l&#8217;interne de diff\u00e9rents savoir-faire, nous r\u00e9alisons des bo\u00eetiers de montre en mati\u00e8re synth\u00e9tique dans des temps record.<\/p>\n<p>Nos clients les utilisent principalement pour valider des volumes, designs ou finitions de nouveaux produits horlogers.<\/p>\n<p>&nbsp;<\/p>\n<p><a href=\"http:\/\/sdnd.ch\/wordpress\/wp-content\/uploads\/2016\/10\/Tag.png\"><img loading=\"lazy\" decoding=\"async\" class=\"alignnone wp-image-846\" src=\"http:\/\/sdnd.ch\/wordpress\/wp-content\/uploads\/2016\/10\/Tag-1024x659.png\" alt=\"prototype de montre horlogerie\" width=\"919\" height=\"592\" srcset=\"https:\/\/sdnd.ch\/wordpress\/wp-content\/uploads\/2016\/10\/Tag-1024x659.png 1024w, https:\/\/sdnd.ch\/wordpress\/wp-content\/uploads\/2016\/10\/Tag-300x193.png 300w, https:\/\/sdnd.ch\/wordpress\/wp-content\/uploads\/2016\/10\/Tag-768x495.png 768w, https:\/\/sdnd.ch\/wordpress\/wp-content\/uploads\/2016\/10\/Tag.png 1163w\" sizes=\"(max-width: 919px) 100vw, 919px\" \/><\/a><\/p>\n","protected":false},"excerpt":{"rendered":"<p>R\u00e9alisation rapide de prototype de montre Grace \u00e0 un processus que nous avons mis en place, nous sommes capables de r\u00e9aliser des prototypes de montres en moins de 5 jours. Avec l&#8217;internalisation des diff\u00e9rentes\u00a0machines ainsi que la ma\u00eetrise \u00e0 l&#8217;interne de diff\u00e9rents savoir-faire, nous r\u00e9alisons des bo\u00eetiers de montre en mati\u00e8re synth\u00e9tique dans des temps <a href=\"https:\/\/sdnd.ch\/wordpress\/fr\/prototype-montre\/\" rel=\"nofollow\"><span class=\"sr-only\">En savoir plus surPrototype Montre<\/span>[&hellip;]<\/a><\/p>\n","protected":false},"author":3,"featured_media":0,"parent":0,"menu_order":5,"comment_status":"closed","ping_status":"closed","template":"","meta":{"footnotes":""},"class_list":["post-579","page","type-page","status-publish","hentry"],"aioseo_notices":[],"_links":{"self":[{"href":"https:\/\/sdnd.ch\/wordpress\/wp-json\/wp\/v2\/pages\/579"}],"collection":[{"href":"https:\/\/sdnd.ch\/wordpress\/wp-json\/wp\/v2\/pages"}],"about":[{"href":"https:\/\/sdnd.ch\/wordpress\/wp-json\/wp\/v2\/types\/page"}],"author":[{"embeddable":true,"href":"https:\/\/sdnd.ch\/wordpress\/wp-json\/wp\/v2\/users\/3"}],"replies":[{"embeddable":true,"href":"https:\/\/sdnd.ch\/wordpress\/wp-json\/wp\/v2\/comments?post=579"}],"version-history":[{"count":11,"href":"https:\/\/sdnd.ch\/wordpress\/wp-json\/wp\/v2\/pages\/579\/revisions"}],"predecessor-version":[{"id":885,"href":"https:\/\/sdnd.ch\/wordpress\/wp-json\/wp\/v2\/pages\/579\/revisions\/885"}],"wp:attachment":[{"href":"https:\/\/sdnd.ch\/wordpress\/wp-json\/wp\/v2\/media?parent=579"}],"curies":[{"name":"wp","href":"https:\/\/api.w.org\/{rel}","templated":true}]}}