{"id":627,"date":"2016-10-14T00:38:12","date_gmt":"2016-10-13T22:38:12","guid":{"rendered":"http:\/\/sdnd.ch\/?page_id=627"},"modified":"2019-08-19T18:24:15","modified_gmt":"2019-08-19T16:24:15","slug":"impression-3d","status":"publish","type":"page","link":"https:\/\/sdnd.ch\/wordpress\/fr\/impression-3d\/","title":{"rendered":"Impression 3D"},"content":{"rendered":"<h2><span style=\"font-size: 14pt; font-family: georgia, palatino, serif;\">Nous mod\u00e9lisons et imprimons vos id\u00e9es en 3D<\/span><\/h2>\n<h3>Technologie d&#8217;impression 3D Polyjet<\/h3>\n<p style=\"text-align: justify;\">Nous employons l&#8217;imprimante\u00a03D Polyjet cr\u00e9\u00e9 par la soci\u00e9t\u00e9 <a href=\"http:\/\/www.stratasys.com\/\">Stratasys<\/a>. Cette technologie fonctionne gr\u00e2ce \u00e0 une t\u00eate qui balaye le plateau d\u2019impression. A chaque passe le plateau se d\u00e9place en Z et les t\u00eates projettent des micro gouttelettes de r\u00e9sine sur le plateau. A chaque projection, une lampe ultraviolette vient durcir la mati\u00e8re model. Chaque passe est r\u00e9p\u00e9t\u00e9e jusqu\u2019\u00e0 obtention de la pi\u00e8ce.<\/p>\n<p style=\"text-align: justify;\">A savoir qu\u2019aucunes \u00e9tapes de cuisson ou polissage n\u2019est n\u00e9cessaire, seul un nettoyage \u00e0 l\u2019eau doit \u00eatre r\u00e9alis\u00e9 pour supprimer la mati\u00e8re support. Cette technologie permet un r\u00e9sultat d\u2019une excellente r\u00e9solution en impression, ce qui permet d\u2019obtenir des surfaces lisses contrairement \u00e0 des technologies comme le <a href=\"https:\/\/en.wikipedia.org\/wiki\/Fused_deposition_modeling\">FDM<\/a>.<\/p>\n<h3>Mod\u00e9lisation 3D &amp; mise en couleur<\/h3>\n<p style=\"text-align: justify;\">Nous travaillons actuellement avec diff\u00e9rents secteurs tels que l\u2019industrie m\u00e9canique, microm\u00e9canique, l\u2019industrie horlog\u00e8re et beaucoup pour des demandes priv\u00e9es en tout genre. Vous avez la possibilit\u00e9 de nous transmettre vos fichiers que nous transformerons au format employ\u00e9 par la machine ou alors nous pouvons \u00e9galement mod\u00e9liser vos id\u00e9es selon un cahier des charges que nous aurons \u00e9tablit ensemble.\u00a0Enfin, il est possible d\u2019apporter des couleurs \u00e0 vos r\u00e9alisons gr\u00e2ce \u00e0 notre service de mise en couleur que nous vous proposerons selon vos demandes.<\/p>\n<h2>Exemples de r\u00e9alisations en impression 3D pour l&#8217;horlogerie<\/h2>\n<ul>\n<li>Maquette d&#8217;un mouvement horloger en grande taille pour d\u00e9monstration du\u00a0m\u00e9canisme de r\u00e9p\u00e9tition minutes<a href=\"http:\/\/sdnd.ch\/wordpress\/wp-content\/uploads\/2016\/10\/R\u00e9p\u00e9tition-minutes.jpg\"><img loading=\"lazy\" decoding=\"async\" class=\"aligncenter wp-image-806 size-large\" src=\"http:\/\/sdnd.ch\/wordpress\/wp-content\/uploads\/2016\/10\/R\u00e9p\u00e9tition-minutes-1024x777.jpg\" alt=\"impression 3d horloge montre mouvement\" width=\"640\" height=\"486\" srcset=\"https:\/\/sdnd.ch\/wordpress\/wp-content\/uploads\/2016\/10\/R\u00e9p\u00e9tition-minutes-1024x777.jpg 1024w, https:\/\/sdnd.ch\/wordpress\/wp-content\/uploads\/2016\/10\/R\u00e9p\u00e9tition-minutes-300x228.jpg 300w, https:\/\/sdnd.ch\/wordpress\/wp-content\/uploads\/2016\/10\/R\u00e9p\u00e9tition-minutes-768x583.jpg 768w, https:\/\/sdnd.ch\/wordpress\/wp-content\/uploads\/2016\/10\/R\u00e9p\u00e9tition-minutes.jpg 1294w\" sizes=\"(max-width: 640px) 100vw, 640px\" \/><\/a><\/li>\n<li>Maquette d&#8217;un Tourbillon fonctionnel (commercialis\u00e9)<a href=\"http:\/\/sdnd.ch\/wordpress\/wp-content\/uploads\/2016\/10\/Tourbillon-simple.jpg\"><img loading=\"lazy\" decoding=\"async\" class=\"aligncenter wp-image-812 size-large\" src=\"http:\/\/sdnd.ch\/wordpress\/wp-content\/uploads\/2016\/10\/Tourbillon-simple-1024x797.jpg\" alt=\"impression 3d industrie horlogerie\" width=\"640\" height=\"498\" srcset=\"https:\/\/sdnd.ch\/wordpress\/wp-content\/uploads\/2016\/10\/Tourbillon-simple-1024x797.jpg 1024w, https:\/\/sdnd.ch\/wordpress\/wp-content\/uploads\/2016\/10\/Tourbillon-simple-300x233.jpg 300w, https:\/\/sdnd.ch\/wordpress\/wp-content\/uploads\/2016\/10\/Tourbillon-simple-768x598.jpg 768w, https:\/\/sdnd.ch\/wordpress\/wp-content\/uploads\/2016\/10\/Tourbillon-simple.jpg 1231w\" sizes=\"(max-width: 640px) 100vw, 640px\" \/><\/a><\/li>\n<li>Posages destin\u00e9s \u00e0 l&#8217;assemblage, pr\u00e9montage et d\u00e9coration de composants horlogers<a href=\"http:\/\/sdnd.ch\/wordpress\/wp-content\/uploads\/2016\/10\/Posages.jpg\"><br \/>\n<\/a><\/li>\n<\/ul>\n<p><a href=\"http:\/\/sdnd.ch\/wordpress\/wp-content\/uploads\/2016\/10\/Posages-1.jpg\"><img loading=\"lazy\" decoding=\"async\" class=\"aligncenter wp-image-829 size-large\" src=\"http:\/\/sdnd.ch\/wordpress\/wp-content\/uploads\/2016\/10\/Posages-1-1024x736.jpg\" alt=\"conception 3d horlogerie\" width=\"640\" height=\"460\" srcset=\"https:\/\/sdnd.ch\/wordpress\/wp-content\/uploads\/2016\/10\/Posages-1-1024x736.jpg 1024w, https:\/\/sdnd.ch\/wordpress\/wp-content\/uploads\/2016\/10\/Posages-1-300x216.jpg 300w, https:\/\/sdnd.ch\/wordpress\/wp-content\/uploads\/2016\/10\/Posages-1-768x552.jpg 768w, https:\/\/sdnd.ch\/wordpress\/wp-content\/uploads\/2016\/10\/Posages-1.jpg 1110w\" sizes=\"(max-width: 640px) 100vw, 640px\" \/><\/a><\/p>\n<h3><\/h3>\n<h3>Exemple d&#8217;une demande priv\u00e9e d&#8217;impression<\/h3>\n<ul>\n<li>Reproduction plaquette vintage en impression 3D avec mise en couleur<a href=\"http:\/\/sdnd.ch\/wordpress\/wp-content\/uploads\/2016\/10\/Plaquette-Lotus.jpg\"><img loading=\"lazy\" decoding=\"async\" class=\"aligncenter wp-image-807 size-large\" src=\"http:\/\/sdnd.ch\/wordpress\/wp-content\/uploads\/2016\/10\/Plaquette-Lotus-1024x843.jpg\" alt=\"imprimeur 3d\" width=\"640\" height=\"527\" srcset=\"https:\/\/sdnd.ch\/wordpress\/wp-content\/uploads\/2016\/10\/Plaquette-Lotus-1024x843.jpg 1024w, https:\/\/sdnd.ch\/wordpress\/wp-content\/uploads\/2016\/10\/Plaquette-Lotus-300x247.jpg 300w, https:\/\/sdnd.ch\/wordpress\/wp-content\/uploads\/2016\/10\/Plaquette-Lotus-768x632.jpg 768w, https:\/\/sdnd.ch\/wordpress\/wp-content\/uploads\/2016\/10\/Plaquette-Lotus.jpg 1197w\" sizes=\"(max-width: 640px) 100vw, 640px\" \/><\/a><\/li>\n<\/ul>\n<p><strong><span style=\"font-size: 14pt;\">Nos mat\u00e9riaux (r\u00e9sines)<\/span><\/strong><\/p>\n<ul>\n<li><strong>Rigide Opaque Blanc : VeroWhitePlus\u00a0<\/strong><\/li>\n<li>Rigide Opaque Bleu : VeroBlue (sur demande)<\/li>\n<li>Rigide Opaque Noir : VeroBlack (sur demande)<\/li>\n<li>Rigide Opaque Gris : VeroGray (sur demande)<\/li>\n<li>Rigide et transparent : VeroClear et RGD720 (sur demande)<\/li>\n<li>Haute Temp\u00e9rature : RGD525 (sur demande)<\/li>\n<li>Type Caoutchouc : TangoGray (Duret\u00e9 Shore A 73-77) \/ TangoBlack (Duret\u00e9 Shore A 60-62) (sur demande)<\/li>\n<li>Polypropyl\u00e8ne Simul\u00e9 : Endur et Durus (sur demande)<\/li>\n<li>Biocompatible : MED610 (sur demande)<\/li>\n<\/ul>\n<h2><span style=\"font-size: 14pt;\">Volume et vitesse d&#8217;impression 3D<\/span><\/h2>\n<p style=\"text-align: justify;\">La taille maximale d\u2019une impression\u00a0: 294 x 192 x 148.6 mm.\u00a0Si certains composants d\u00e9passent cette taille maximum, nous aurons la possibilit\u00e9 de l\u2019imprimer en plusieurs partie et de l\u2019assembl\u00e9 par la suite.<\/p>\n<p style=\"text-align: justify;\">Le mod\u00e8le dont nous disposons propose diff\u00e9rentes vitesse d\u2019impression\u00a0:<\/p>\n<ul style=\"text-align: justify;\">\n<li>Haute Qualit\u00e9\u00a0: couche d\u2019impression de 0.016 mm<\/li>\n<li>Haute vitesse\u00a0: couche d\u2019impression de 0.028 mm<\/li>\n<li>Mode \u00e9bauche\u00a0: couche d\u2019impression de 0.036 mm<\/li>\n<\/ul>\n<p style=\"text-align: justify;\">En sachant que plus la couche d\u2019impression sera fine plus l\u2019impression sera longue. Chaque mat\u00e9riau peut \u00eatre imprim\u00e9 en haute qualit\u00e9 except\u00e9 les mat\u00e9riaux du type Tango qui ne tol\u00e8re que des couches de 0.028 mm ou 0.036 mm.<\/p>\n<h2 style=\"text-align: justify;\"><span style=\"font-size: 14pt;\">Pr\u00e9cision de l&#8217;imprimante\u00a0<\/span><\/h2>\n<p style=\"text-align: justify;\"><span style=\"font-size: 12pt;\">Peut varier en fonction de la forme de la pi\u00e8ce, de sa taille, de son orientation, du mat\u00e9riau utilis\u00e9.<\/span><\/p>\n<p><span style=\"font-size: 12pt;\">En r\u00e8gle g\u00e9n\u00e9ral : Axe X : \u00b1 0.15 mm, axe Y : \u00b1 0.15 mm ; axe Z : \u00b1 0.15 mm<\/span><\/p>\n<h2 style=\"text-align: justify;\"><span style=\"font-size: 14pt;\">Demandez un devis de conception 3D !<\/span><\/h2>\n<p style=\"text-align: justify;\">Vous pouvez nous contacter directement par e-mail pour toutes demandes\u00a0concernant nos services de conception 3D \u00e0 l&#8217;adresse suivante: info@sdnd.chD<\/p>\n<p><a href=\"http:\/\/sdnd.ch\/wordpress\/wp-content\/uploads\/2016\/10\/echappement.png\"><img loading=\"lazy\" decoding=\"async\" class=\"aligncenter wp-image-795\" src=\"http:\/\/sdnd.ch\/wordpress\/wp-content\/uploads\/2016\/10\/echappement-1024x530.png\" alt=\"mod\u00e8le d'imprim\u00e9 3D horlogerie\" width=\"800\" height=\"414\" srcset=\"https:\/\/sdnd.ch\/wordpress\/wp-content\/uploads\/2016\/10\/echappement-1024x530.png 1024w, https:\/\/sdnd.ch\/wordpress\/wp-content\/uploads\/2016\/10\/echappement-300x155.png 300w, https:\/\/sdnd.ch\/wordpress\/wp-content\/uploads\/2016\/10\/echappement-768x398.png 768w\" sizes=\"(max-width: 800px) 100vw, 800px\" \/><\/a><\/p>\n<h2><span style=\"font-size: 14pt;\">Demandez un devis d&#8217;impression 3D !<\/span><\/h2>\n","protected":false},"excerpt":{"rendered":"<p>Nous mod\u00e9lisons et imprimons vos id\u00e9es en 3D Technologie d&#8217;impression 3D Polyjet Nous employons l&#8217;imprimante\u00a03D Polyjet cr\u00e9\u00e9 par la soci\u00e9t\u00e9 Stratasys. Cette technologie fonctionne gr\u00e2ce \u00e0 une t\u00eate qui balaye le plateau d\u2019impression. A chaque passe le plateau se d\u00e9place en Z et les t\u00eates projettent des micro gouttelettes de r\u00e9sine sur le plateau. A <a href=\"https:\/\/sdnd.ch\/wordpress\/fr\/impression-3d\/\" rel=\"nofollow\"><span class=\"sr-only\">En savoir plus surImpression 3D<\/span>[&hellip;]<\/a><\/p>\n","protected":false},"author":3,"featured_media":0,"parent":0,"menu_order":2,"comment_status":"closed","ping_status":"closed","template":"","meta":{"footnotes":""},"class_list":["post-627","page","type-page","status-publish","hentry"],"aioseo_notices":[],"_links":{"self":[{"href":"https:\/\/sdnd.ch\/wordpress\/wp-json\/wp\/v2\/pages\/627"}],"collection":[{"href":"https:\/\/sdnd.ch\/wordpress\/wp-json\/wp\/v2\/pages"}],"about":[{"href":"https:\/\/sdnd.ch\/wordpress\/wp-json\/wp\/v2\/types\/page"}],"author":[{"embeddable":true,"href":"https:\/\/sdnd.ch\/wordpress\/wp-json\/wp\/v2\/users\/3"}],"replies":[{"embeddable":true,"href":"https:\/\/sdnd.ch\/wordpress\/wp-json\/wp\/v2\/comments?post=627"}],"version-history":[{"count":71,"href":"https:\/\/sdnd.ch\/wordpress\/wp-json\/wp\/v2\/pages\/627\/revisions"}],"predecessor-version":[{"id":1017,"href":"https:\/\/sdnd.ch\/wordpress\/wp-json\/wp\/v2\/pages\/627\/revisions\/1017"}],"wp:attachment":[{"href":"https:\/\/sdnd.ch\/wordpress\/wp-json\/wp\/v2\/media?parent=627"}],"curies":[{"name":"wp","href":"https:\/\/api.w.org\/{rel}","templated":true}]}}